{"id":158,"date":"2020-02-17T15:00:20","date_gmt":"2020-02-17T15:00:20","guid":{"rendered":"http:\/\/bizix.premiumthemes.in\/?page_id=158"},"modified":"2025-01-30T01:01:50","modified_gmt":"2025-01-30T01:01:50","slug":"home-1","status":"publish","type":"page","link":"https:\/\/solhabitare.com\/","title":{"rendered":"Men\u00fa"},"content":{"rendered":"\n<p><style>\/*! elementor - v3.18.0 - 20-12-2023 *\/<br \/>\n.elementor-heading-title{padding:0;margin:0;line-height:1}.elementor-widget-heading .elementor-heading-title[class*=elementor-size-]>a{color:inherit;font-size:inherit;line-height:inherit}.elementor-widget-heading .elementor-heading-title.elementor-size-small{font-size:15px}.elementor-widget-heading .elementor-heading-title.elementor-size-medium{font-size:19px}.elementor-widget-heading .elementor-heading-title.elementor-size-large{font-size:29px}.elementor-widget-heading .elementor-heading-title.elementor-size-xl{font-size:39px}.elementor-widget-heading .elementor-heading-title.elementor-size-xxl{font-size:59px}<\/style><\/p>\n\n\n\n<h2 class=\"wp-block-heading\">Bienvenido a ALFA INVERSIONES DE AM\u00c9RICA, por favor haz click sobre uno de nuestros servicios para comenzar<\/h2>\n\n\n\n<figure class=\"wp-block-image\"><img decoding=\"async\" src=\"https:\/\/solhabitare.com\/wp-content\/uploads\/2023\/11\/venta-de-propiedades.png\" alt=\"\"\/><\/figure>\n\n\n\n<p><\/p>\n\n\n\n<h1 class=\"wp-block-heading\"><a href=\"https:\/\/solhabitare.com\/index.php\/venta-de-propiedades\/\">Venta de Propiedades<\/a><\/h1>\n\n\n\n<p>Descubre tu hogar ideal con Alfa Inversiones, donde cada propiedad cuenta una historia \u00fanica, y tu pr\u00f3ximo cap\u00edtulo comienza aqu\u00ed. <a href=\"https:\/\/solhabitare.com\/index.php\/venta-de-propiedades\/\">M\u00e1s informaci\u00f3n<\/a><br><img fetchpriority=\"high\" decoding=\"async\" src=\"https:\/\/solhabitare.com\/wp-content\/uploads\/2023\/11\/construcciones.png\" sizes=\"(max-width: 1200px) 100vw, 1200px\" srcset=\"https:\/\/solhabitare.com\/wp-content\/uploads\/2023\/11\/construcciones.png 1200w, https:\/\/solhabitare.com\/wp-content\/uploads\/2023\/11\/construcciones-300x300.png 300w, https:\/\/solhabitare.com\/wp-content\/uploads\/2023\/11\/construcciones-1024x1024.png 1024w, https:\/\/solhabitare.com\/wp-content\/uploads\/2023\/11\/construcciones-150x150.png 150w, https:\/\/solhabitare.com\/wp-content\/uploads\/2023\/11\/construcciones-768x768.png 768w, https:\/\/solhabitare.com\/wp-content\/uploads\/2023\/11\/construcciones-90x90.png 90w, https:\/\/solhabitare.com\/wp-content\/uploads\/2023\/11\/construcciones-670x670.png 670w\" alt=\"\" width=\"1200\" height=\"1200\"><\/p>\n\n\n\n<h1 class=\"wp-block-heading\"><a href=\"https:\/\/solhabitare.com\/index.php\/construcciones\/\">Desarrollo de Proyectos<\/a><\/h1>\n\n\n\n<p>Dise\u00f1amos sue\u00f1os y construimos realidades. Alfa Inversiones, tu socio en la creaci\u00f3n de espacios que reflejan tu visi\u00f3n y estilo de vida. <a href=\"https:\/\/solhabitare.com\/index.php\/construcciones\/\">M\u00e1s informaci\u00f3n<\/a><br><img decoding=\"async\" src=\"https:\/\/solhabitare.com\/wp-content\/uploads\/2023\/11\/renta-comercial-2.png\" sizes=\"(max-width: 1200px) 100vw, 1200px\" srcset=\"https:\/\/solhabitare.com\/wp-content\/uploads\/2023\/11\/renta-comercial-2.png 1200w, https:\/\/solhabitare.com\/wp-content\/uploads\/2023\/11\/renta-comercial-2-300x300.png 300w, https:\/\/solhabitare.com\/wp-content\/uploads\/2023\/11\/renta-comercial-2-1024x1024.png 1024w, https:\/\/solhabitare.com\/wp-content\/uploads\/2023\/11\/renta-comercial-2-150x150.png 150w, https:\/\/solhabitare.com\/wp-content\/uploads\/2023\/11\/renta-comercial-2-768x768.png 768w, https:\/\/solhabitare.com\/wp-content\/uploads\/2023\/11\/renta-comercial-2-90x90.png 90w, https:\/\/solhabitare.com\/wp-content\/uploads\/2023\/11\/renta-comercial-2-670x670.png 670w\" alt=\"\" width=\"1200\" height=\"1200\"><\/p>\n\n\n\n<h1 class=\"wp-block-heading\"><a href=\"https:\/\/solhabitare.com\/index.php\/renta-comercial-y-habitacional\/\">Renta Comercial y Habitacional<\/a><\/h1>\n\n\n\n<p>Vive y trabaja en lugares que te inspiran. Con Alfa Inversiones, encontrar\u00e1s opciones de alquiler que van m\u00e1s all\u00e1 de lo ordinario, creando experiencias excepcionales. <a href=\"https:\/\/solhabitare.com\/index.php\/renta-comercial-y-habitacional\/\">M\u00e1s informaci\u00f3n<\/a><br><img decoding=\"async\" src=\"https:\/\/solhabitare.com\/wp-content\/uploads\/2023\/11\/servicios-de-alojamiento.png\" sizes=\"(max-width: 1200px) 100vw, 1200px\" srcset=\"https:\/\/solhabitare.com\/wp-content\/uploads\/2023\/11\/servicios-de-alojamiento.png 1200w, https:\/\/solhabitare.com\/wp-content\/uploads\/2023\/11\/servicios-de-alojamiento-300x300.png 300w, https:\/\/solhabitare.com\/wp-content\/uploads\/2023\/11\/servicios-de-alojamiento-1024x1024.png 1024w, https:\/\/solhabitare.com\/wp-content\/uploads\/2023\/11\/servicios-de-alojamiento-150x150.png 150w, https:\/\/solhabitare.com\/wp-content\/uploads\/2023\/11\/servicios-de-alojamiento-768x768.png 768w, https:\/\/solhabitare.com\/wp-content\/uploads\/2023\/11\/servicios-de-alojamiento-90x90.png 90w, https:\/\/solhabitare.com\/wp-content\/uploads\/2023\/11\/servicios-de-alojamiento-670x670.png 670w\" alt=\"\" width=\"1200\" height=\"1200\"><\/p>\n\n\n\n<h1 class=\"wp-block-heading\"><a href=\"https:\/\/solhabitare.com\/index.php\/servicios-de-alojamiento\/\">Servicios de Alojamiento<\/a><\/h1>\n\n\n\n<p>Sum\u00e9rgete en la comodidad y el lujo con nuestros servicios de alojamiento. En Alfa Inversiones, creamos momentos inolvidables en cada estad\u00eda. <a href=\"https:\/\/solhabitare.com\/index.php\/servicios-de-alojamiento\/\">M\u00e1s informaci\u00f3n<\/a><br><!-- gyan-services-items --><\/p>\n\n\n\n<p><\/p>\n","protected":false},"excerpt":{"rendered":"<p>P\u00c1GINA EN MANTENIMIENTO<\/p>\n","protected":false},"author":1,"featured_media":2902,"parent":0,"menu_order":0,"comment_status":"open","ping_status":"closed","template":"..\/public\/views\/revslider-page-template.php","meta":{"_eb_attr":"","footnotes":""},"class_list":["post-158","page","type-page","status-publish","has-post-thumbnail","hentry"],"_links":{"self":[{"href":"https:\/\/solhabitare.com\/index.php\/wp-json\/wp\/v2\/pages\/158","targetHints":{"allow":["GET"]}}],"collection":[{"href":"https:\/\/solhabitare.com\/index.php\/wp-json\/wp\/v2\/pages"}],"about":[{"href":"https:\/\/solhabitare.com\/index.php\/wp-json\/wp\/v2\/types\/page"}],"author":[{"embeddable":true,"href":"https:\/\/solhabitare.com\/index.php\/wp-json\/wp\/v2\/users\/1"}],"replies":[{"embeddable":true,"href":"https:\/\/solhabitare.com\/index.php\/wp-json\/wp\/v2\/comments?post=158"}],"version-history":[{"count":202,"href":"https:\/\/solhabitare.com\/index.php\/wp-json\/wp\/v2\/pages\/158\/revisions"}],"predecessor-version":[{"id":2918,"href":"https:\/\/solhabitare.com\/index.php\/wp-json\/wp\/v2\/pages\/158\/revisions\/2918"}],"wp:featuredmedia":[{"embeddable":true,"href":"https:\/\/solhabitare.com\/index.php\/wp-json\/wp\/v2\/media\/2902"}],"wp:attachment":[{"href":"https:\/\/solhabitare.com\/index.php\/wp-json\/wp\/v2\/media?parent=158"}],"curies":[{"name":"wp","href":"https:\/\/api.w.org\/{rel}","templated":true}]}}